{"id":53,"date":"2018-01-17T17:47:31","date_gmt":"2018-01-17T08:47:31","guid":{"rendered":"http:\/\/www.mirapro.co.jp\/?page_id=53"},"modified":"2025-11-04T12:24:43","modified_gmt":"2025-11-04T03:24:43","slug":"branch-overseas","status":"publish","type":"page","link":"https:\/\/www.mirapro.co.jp\/kr\/company\/branch-overseas\/","title":{"rendered":"\ud574\uc678\uac70\uc810"},"content":{"rendered":"<p class=\"page-title\">\ud574\uc678\uac70\uc810<\/p>\n<p class=\"page-img centering margin-b\"><img decoding=\"async\" src=\"https:\/\/www.mirapro.co.jp\/kr\/wp-content\/uploads\/2024\/02\/branch-overseas_img01_kr.png\" alt=\"\u30df\u30e9\u30d7\u30ed \u6d77\u5916\u62e0\u70b9 \u6d77\u5916\u652f\u90e8\" class=\"alignnone size-full wp-image-54\" \/><\/p>\n<p class=\"page-title2\">\ud574\uc678 \uadf8\ub8f9\ud68c\uc0ac\u3000<img decoding=\"async\" src=\"https:\/\/www.mirapro.co.jp\/kr\/wp-content\/uploads\/2019\/04\/icon_kanren.png\" alt=\"\u30df\u30e9\u30d7\u30ed \u95a2\u9023\u4f1a\u793e \u56fd\u5916\"><\/p>\n<div class=\"page-tex-area margin-b\">\n<p class=\"page-text\">\n<span class=\"font-color\">\ubbf8\ub77c\ud504\ub85c    \uc720\uc5d0\uc2a4\uc5d0\uc774 (MIRAPRO USA, Inc.)<\/span><br \/>\n2975 Bowers Ave, Santa Clara California 95051<br \/>\nTEL  +1-408-855-8821   FAX  +1-408-855-8912<br \/>\n<a class=\"rink\" href=\"https:\/\/www.mirapro.co.jp\/kr\/company\/branch-overseas\/usa\/\">\ucc3e\uc544 \uc624\uc2dc\ub294 \uae38\/\uc0c1\uc138\uc9c0\ub3c4<\/a>\n<\/p>\n<div class=\"form-mtk_border\"><\/div>\n<p class=\"page-text\">\n<span class=\"font-color\"><a href=\"https:\/\/www.mirapro-sh.cn\/\" target=\"_blank\">\uc0c1\ud558\uc774 \ubbf8\ub77c\ud504\ub85c (\u4e0a\u6d77\u2f76\u5170\u666e\u6d1b\u673a\u68b0\u7535\u2f26\u6709\u9650\u516c\u53f8)<\/a><\/span><br \/>\n\uc0c1\ud558\uc774\uc2dc \uae08\uc0b0\uad6c \uc815\ub9bc \uc9c4\ub9bc\ud604\ub85c 1258\ud638<br \/>\n<a class=\"rink\" href=\"https:\/\/www.mirapro.co.jp\/kr\/company\/branch-overseas\/shanghai\/\">\ucc3e\uc544 \uc624\uc2dc\ub294 \uae38\/\uc0c1\uc138\uc9c0\ub3c4<\/a>\n<\/p>\n<div class=\"form-mtk_border\"><\/div>\n<p class=\"page-text\">\n<span class=\"font-color\">\ubbf8\ub77c\ud504\ub85c \uc2f1\uac00\ud3f4      \uff08MIRAPRO SINGAPORE Pte. Ltd.\uff09<\/span><br \/>\n10 Anson Road, #16-01 International Plaza Singapore 079903<br \/>\n<a class=\"rink\" href=\"https:\/\/www.mirapro.co.jp\/kr\/company\/branch-overseas\/singapore\/\">\ucc3e\uc544 \uc624\uc2dc\ub294 \uae38\/\uc0c1\uc138\uc9c0\ub3c4<\/a>\n<\/p>\n<div class=\"form-mtk_border\"><\/div>\n<p class=\"page-text\">\n<span class=\"font-color\">\ubbf8\ub77c\ud504\ub85c\uc778\ub3c4  (MIRAPRO INDIA PVT. LTD.) <\/span><br \/>\n1st Floor, Building No.2, Plot 35,2nd Phase, Peenya Industrial Area, Bengaluru, Karnataka, 560058 INDIA<br \/>\n<a class=\"rink\" href=\"https:\/\/www.mirapro.co.jp\/kr\/company\/branch-overseas\/india\/\">\ucc3e\uc544 \uc624\uc2dc\ub294 \uae38\/\uc0c1\uc138\uc9c0\ub3c4<\/a>\n<\/p>\n<div class=\"form-mtk_border\"><\/div>\n<p class=\"page-text\">\n<span class=\"font-color\">\ubbf8\ub77c\ud504\ub85c \ubabd\uace8<\/span>\n<\/p>\n<div class=\"form-mtk_border\"><\/div>\n<p class=\"page-text\">\n<span class=\"font-color\">\ubbf8\ub77c\ud504\ub85c \ud55c\uad6d<\/span><br \/>\nGeumGang Penterium IX Tower Bldg. A 2606,<br \/>\n27, 1-ro, Dongtan Choemdansanoep,<br \/>\nHwasung-shi, Gyeonggi-do, Korea 18469<br \/>\nTEL  031-831-3843<br \/>\n<a class=\"rink\" href=\"https:\/\/www.mirapro.co.jp\/kr\/company\/branch-overseas\/korea\/\">\ucc3e\uc544 \uc624\uc2dc\ub294 \uae38\/\uc0c1\uc138\uc9c0\ub3c4<\/a>\n<\/p>\n<div class=\"form-mtk_border\"><\/div>\n<p class=\"page-text\">\n<span class=\"font-color\">\ubbf8\ub77c\ud504\ub85c(\ud0dc\uad6d) \uc720\ud55c\ud68c\uc0ac<\/span><br \/>\n622 Emporium Tower, Floor 9\/5-8 , Unit No.95, 98 Sukhumvit Rd.,<br \/>\nKlongton, Klongtoey, Bangkok 10110<br \/>\nTEL +66-2-0287725<br \/>\n<a class=\"rink\" href=\"https:\/\/www.mirapro.co.jp\/kr\/company\/branch-overseas\/thailand\/\">\ucc3e\uc544 \uc624\uc2dc\ub294 \uae38\/\uc0c1\uc138\uc9c0\ub3c4<\/a>\n<\/p>\n<div class=\"form-mtk_border\"><\/div>\n<p class=\"page-text\">\n<span class=\"font-color\">\ubbf8\ub77c\ud504\ub85c(\ud0dc\uad6d) \uc720\ud55c\ud68c\uc0ac MMC \uacf5\uc7a5<\/span><br \/>\n75\/29 Moo 11,  Khlongnueng,<br \/>\nKhlongluang, Pathumthani 12120<br \/>\nTEL  +66-2-000-9767<br \/>\n<a class=\"rink\" href=\"https:\/\/www.mirapro.co.jp\/kr\/company\/branch-overseas\/thailand_factory\/\">\ucc3e\uc544 \uc624\uc2dc\ub294 \uae38\/\uc0c1\uc138\uc9c0\ub3c4<\/a>\n<\/p>\n<div class=\"form-mtk_border\"><\/div>\n<p class=\"page-text\">\n<span class=\"font-color\">\ubbf8\ub77c\ud504\ub85c \ud130\ud0a4<\/span><br \/>\nIvedikosb Mali. 22:24 Cad. NO\u017d 1 Kapi NO&#8217; I l\u00f4 Ye\u013eiiriialt:alk&#8217;} Ankara<br \/>\n<a class=\"rink\" href=\"https:\/\/www.mirapro.co.jp\/kr\/company\/branch-overseas\/turkey\/\">\ucc3e\uc544 \uc624\uc2dc\ub294 \uae38\/\uc0c1\uc138\uc9c0\ub3c4<\/a>\n<\/p>\n<div class=\"form-mtk_border\"><\/div>\n<\/div>\n<p class=\"page-title2\">\uc9c0\uc810\/\uc0ac\ubb34\uc18c\u3000<img decoding=\"async\" src=\"https:\/\/www.mirapro.co.jp\/kr\/wp-content\/uploads\/2019\/04\/icon_shiten.png\" alt=\"\u30df\u30e9\u30d7\u30ed \u95a2\u9023\u4f1a\u793e \u56fd\u5916\"><\/p>\n<div class=\"page-tex-area margin-b\">\n<p class=\"page-text\">\n<span class=\"font-color\">\ud0c0\uc774\uc644 \uc0ac\ubb34\uc18c<\/span><br \/>\n\ub300\ubd81\uc2dc \ub300\uc548\uad6c \uc640\ub8e1\uac00 195-33-3\n<\/p>\n<div class=\"form-mtk_border\"><\/div>\n<p class=\"page-text\">\n<span class=\"font-color\">\ubbf8\ub77c\ud504\ub85c \uc720\ub7fd (MIRAPRO CO, LTD. EU Rep. Office) <\/span><br \/>\nAm Bonneshof 19, 40474 D\u00fcsseldorf, Germany\n<\/p>\n<div class=\"form-mtk_border\"><\/div>\n<p class=\"page-text\">\n<span class=\"font-color\">\uc720\ube44\ud0a4\ud0c0\uc2a4 \ud14c\ud06c\ub178\ub85c\uc9c0\uc988 \ud544\ub9ac\ud540<\/span><br \/>\n5th floor King\u2019s Court I Building,<br \/>2129 Chino Roces Ave.,Makati City, Philippines\n<\/p>\n<div class=\"form-mtk_border\"><\/div>\n<\/div>\n","protected":false},"excerpt":{"rendered":"<p>\ud574\uc678\uac70\uc810 \ud574\uc678 \uadf8\ub8f9\ud68c\uc0ac\u3000 \ubbf8\ub77c\ud504\ub85c \uc720\uc5d0\uc2a4\uc5d0\uc774 (MIRAPRO USA, Inc.) 2975 Bowers Ave, Santa Clara California 95051 TEL +1-408-855-8821 [&hellip;]<\/p>\n","protected":false},"author":1,"featured_media":0,"parent":380,"menu_order":0,"comment_status":"closed","ping_status":"closed","template":"","meta":{"footnotes":""},"class_list":["post-53","page","type-page","status-publish","hentry"],"aioseo_notices":[],"_links":{"self":[{"href":"https:\/\/www.mirapro.co.jp\/kr\/wp-json\/wp\/v2\/pages\/53","targetHints":{"allow":["GET"]}}],"collection":[{"href":"https:\/\/www.mirapro.co.jp\/kr\/wp-json\/wp\/v2\/pages"}],"about":[{"href":"https:\/\/www.mirapro.co.jp\/kr\/wp-json\/wp\/v2\/types\/page"}],"author":[{"embeddable":true,"href":"https:\/\/www.mirapro.co.jp\/kr\/wp-json\/wp\/v2\/users\/1"}],"replies":[{"embeddable":true,"href":"https:\/\/www.mirapro.co.jp\/kr\/wp-json\/wp\/v2\/comments?post=53"}],"version-history":[{"count":36,"href":"https:\/\/www.mirapro.co.jp\/kr\/wp-json\/wp\/v2\/pages\/53\/revisions"}],"predecessor-version":[{"id":1539,"href":"https:\/\/www.mirapro.co.jp\/kr\/wp-json\/wp\/v2\/pages\/53\/revisions\/1539"}],"up":[{"embeddable":true,"href":"https:\/\/www.mirapro.co.jp\/kr\/wp-json\/wp\/v2\/pages\/380"}],"wp:attachment":[{"href":"https:\/\/www.mirapro.co.jp\/kr\/wp-json\/wp\/v2\/media?parent=53"}],"curies":[{"name":"wp","href":"https:\/\/api.w.org\/{rel}","templated":true}]}}