{"id":53,"date":"2018-01-17T17:47:31","date_gmt":"2018-01-17T08:47:31","guid":{"rendered":"http:\/\/www.mirapro.co.jp\/mpcweb\/?page_id=53"},"modified":"2025-11-04T12:24:13","modified_gmt":"2025-11-04T03:24:13","slug":"branch-overseas","status":"publish","type":"page","link":"https:\/\/www.mirapro.co.jp\/en\/company\/branch-overseas\/","title":{"rendered":"OVERSEAS LOCATION"},"content":{"rendered":"<p class=\"page-title\">OVERSEAS LOCATION<\/p>\n<p class=\"page-img centering margin-b\"><img decoding=\"async\" src=\"http:\/\/www.mirapro.co.jp\/en\/wp-content\/uploads\/2024\/02\/branch-overseas_img01_en.png\" class=\"alignnone size-full wp-image-877\" \/><\/p>\n<p class=\"page-title2\">OVERSEAS GROUP\u3000<img decoding=\"async\" src=\"https:\/\/www.mirapro.co.jp\/mpcweb\/wp-content\/uploads\/2019\/04\/icon_kanren.png\" alt=\"\u30df\u30e9\u30d7\u30ed \u95a2\u9023\u4f1a\u793e \u56fd\u5916\"><\/p>\n<div class=\"page-tex-area margin-b\">\n<p class=\"page-text\">\n<span class=\"font-color\">MIRAPRO USA, Inc.<\/span><br \/>\n2975 Bowers Ave, Santa Clara California 95051<br \/>\nTEL  +1-408-855-8821   FAX  +1-408-855-8912<br \/>\n<a class=\"rink\" href=\"https:\/\/www.mirapro.co.jp\/en\/company\/branch-overseas\/usa\/\">Access \/ Map<\/a>\n<\/p>\n<div class=\"form-mtk_border\"><\/div>\n<p class=\"page-text\">\n<span class=\"font-color\"><a href=\"https:\/\/www.mirapro-sh.cn\/\" target=\"_blank\">Shanghai Mirapro Electronic Component &#038; System Co., Ltd.<\/a><\/span><br \/>\n\u4e0a\u6d77\u5e02\u91d1\u5c71\u533a\u4ead\u6797\u93ae\u6797\u8ce2\u8def1258\u53f7<br \/>\n<a class=\"rink\" href=\"https:\/\/www.mirapro.co.jp\/en\/company\/branch-overseas\/shanghai\/\">Access \/ Map<\/a>\n<\/p>\n<div class=\"form-mtk_border\"><\/div>\n<p class=\"page-text\">\n<span class=\"font-color\">MIRAPRO SINGAPORE Pte. Ltd.<\/span><br \/>\n10 Anson Road, #16-01 International Plaza Singapore 079903<br \/>\n<a class=\"rink\" href=\"https:\/\/www.mirapro.co.jp\/en\/company\/branch-overseas\/singapore\/\">Access \/ Map<\/a>\n<\/p>\n<div class=\"form-mtk_border\"><\/div>\n<p class=\"page-text\">\n<span class=\"font-color\">MIRAPRO INDIA PVT. LTD.<\/span><br \/>\n1st Floor, Building No.2, Plot 35,2nd Phase, Peenya Industrial Area, Bengaluru, Karnataka, 560058 INDIA<br \/>\n<a class=\"rink\" href=\"https:\/\/www.mirapro.co.jp\/en\/company\/branch-overseas\/india\/\">Access \/ Map<\/a>\n<\/p>\n<div class=\"form-mtk_border\"><\/div>\n<p class=\"page-text\">\n<span class=\"font-color\">MIRAPRO MONGOL LLC<\/span>\n<\/p>\n<div class=\"form-mtk_border\"><\/div>\n<p class=\"page-text\">\n<span class=\"font-color\">MIRAPRO KOREA Co.,Ltd.<\/span><br \/>\nGeumGang Penterium IX Tower Bldg. A 2606,<br \/>\n27, 1-ro, Dongtan Choemdansanoep,<br \/>\nHwasung-shi, Gyeonggi-do, Korea 18469<br \/>\n<a class=\"rink\" href=\"https:\/\/www.mirapro.co.jp\/en\/company\/branch-overseas\/korea\/\">Access \/ Map<\/a>\n<\/p>\n<div class=\"form-mtk_border\"><\/div>\n<p class=\"page-text\">\n<span class=\"font-color\">MIRAPRO (Thailand) Co., Ltd.<\/span><br \/>\n622 Emporium Tower, Floor 9\/5-8 , Unit No.95, 98 Sukhumvit Rd.,<br \/>\nKlongton, Klongtoey, Bangkok 10110<br \/>\nTEL +66-2-0287725<br \/>\n<a class=\"rink\" href=\"https:\/\/www.mirapro.co.jp\/en\/company\/branch-overseas\/thailand\/\">Access \/ Map<\/a>\n<\/p>\n<div class=\"form-mtk_border\"><\/div>\n<p class=\"page-text\">\n<span class=\"font-color\">MIRAPRO (Thailand) Co., Ltd. MMC Factory<\/span><br \/>\n75\/29 Moo 11,  Khlongnueng,<br \/>\nKhlongluang, Pathumthani 12120<br \/>\nTEL  +66-2-000-9767<br \/>\n<a class=\"rink\" href=\"https:\/\/www.mirapro.co.jp\/en\/company\/branch-overseas\/thailand_factory\/\">Access \/ Map<\/a>\n<\/p>\n<div class=\"form-mtk_border\"><\/div>\n<p class=\"page-text\">\n<span class=\"font-color\">MIRAPRO TURKEY ENGINEERING Co.,Ltd<\/span><br \/>\nIvedikosb Mali. 22:24 Cad. NO\u017d 1 Kapi NO&#8217; I l\u00f4 Ye\u013eiiriialt:alk&#8217;} Ankara<br \/>\n<a class=\"rink\" href=\"https:\/\/www.mirapro.co.jp\/en\/company\/branch-overseas\/turkey\/\">Access \/ Map<\/a>\n<\/p>\n<div class=\"form-mtk_border\"><\/div>\n<\/div>\n<p class=\"page-title2\">BRANCH\/OFFICE\u3000<img decoding=\"async\" src=\"https:\/\/www.mirapro.co.jp\/mpcweb\/wp-content\/uploads\/2019\/04\/icon_shiten.png\" alt=\"\u30df\u30e9\u30d7\u30ed \u95a2\u9023\u4f1a\u793e \u56fd\u5916\"><\/p>\n<div class=\"page-tex-area margin-b\">\n<p class=\"page-text\">\n<span class=\"font-color\">TAIPEI OFFICE <\/span><br \/>\n\u53f0\u5317\u5e02\u5927\u5b89\u533a\u81e5\u9f8d\u8857195\u5df733\u865f3\u6a13\n<\/p>\n<div class=\"form-mtk_border\"><\/div>\n<p class=\"page-text\">\n<span class=\"font-color\">EUROPE OFFICE<\/span><br \/>\nAm Bonneshof 19, 40474 D\u00fcsseldorf, Germany\n<\/p>\n<div class=\"form-mtk_border\"><\/div>\n<p class=\"page-text\">\n<span class=\"font-color\">Ubiquitous Technologies Philippines, Inc.<\/span><br \/>\n5th floor King\u2019s Court I Building,2129 Chino Roces Ave.,Makati City, Philippines\n<\/p>\n<div class=\"form-mtk_border\"><\/div>\n<\/div>\n","protected":false},"excerpt":{"rendered":"<p>OVERSEAS LOCATION OVERSEAS GROUP\u3000 MIRAPRO USA, Inc. 2975 Bowers Ave, Santa Clara California 95051 TEL +1-408-8 [&hellip;]<\/p>\n","protected":false},"author":1,"featured_media":0,"parent":380,"menu_order":0,"comment_status":"closed","ping_status":"closed","template":"","meta":{"footnotes":""},"class_list":["post-53","page","type-page","status-publish","hentry"],"aioseo_notices":[],"_links":{"self":[{"href":"https:\/\/www.mirapro.co.jp\/en\/wp-json\/wp\/v2\/pages\/53","targetHints":{"allow":["GET"]}}],"collection":[{"href":"https:\/\/www.mirapro.co.jp\/en\/wp-json\/wp\/v2\/pages"}],"about":[{"href":"https:\/\/www.mirapro.co.jp\/en\/wp-json\/wp\/v2\/types\/page"}],"author":[{"embeddable":true,"href":"https:\/\/www.mirapro.co.jp\/en\/wp-json\/wp\/v2\/users\/1"}],"replies":[{"embeddable":true,"href":"https:\/\/www.mirapro.co.jp\/en\/wp-json\/wp\/v2\/comments?post=53"}],"version-history":[{"count":19,"href":"https:\/\/www.mirapro.co.jp\/en\/wp-json\/wp\/v2\/pages\/53\/revisions"}],"predecessor-version":[{"id":1206,"href":"https:\/\/www.mirapro.co.jp\/en\/wp-json\/wp\/v2\/pages\/53\/revisions\/1206"}],"up":[{"embeddable":true,"href":"https:\/\/www.mirapro.co.jp\/en\/wp-json\/wp\/v2\/pages\/380"}],"wp:attachment":[{"href":"https:\/\/www.mirapro.co.jp\/en\/wp-json\/wp\/v2\/media?parent=53"}],"curies":[{"name":"wp","href":"https:\/\/api.w.org\/{rel}","templated":true}]}}